{"id":2067,"date":"2025-06-25T17:01:25","date_gmt":"2025-06-25T17:01:25","guid":{"rendered":"https:\/\/shirleymueller.ch\/?page_id=2067"},"modified":"2025-06-29T10:38:03","modified_gmt":"2025-06-29T10:38:03","slug":"cv","status":"publish","type":"page","link":"https:\/\/shirleymueller.ch\/?page_id=2067","title":{"rendered":"Uber mich"},"content":{"rendered":"\n<p>In England geboren \u2013 lebe ich seit \u00fcber 40 Jahren in der Schweiz.<\/p>\n\n\n\n<p>Seit meiner Schulzeit habe ich mich f\u00fcr Zeichnen und Malen interessiert und mit 15 Jahren das O-level Examen in Kunst bestanden. Ein Bild aus dieser Zeit wurde von der \u00abRoyal Drawing Society\u00bb als \u201eCommended 1st Class\u201c bewertet. Ich habe aber eine Karriere in Naturwissenschaften verfolgt und dieses Studium mit Doktorat in Chemie abgeschlossen. Sp\u00e4ter habe ich jahrelang als wissenschaftliche Mitarbeiterin am Biozentrum, Universit\u00e4t Basel, gearbeitet.<\/p>\n\n\n\n<p class=\"has-medium-font-size\"><strong><em>Ausbildung in Kunst<\/em><\/strong><\/p>\n\n\n\n<p><strong>2012\u00a0\u00a0<\/strong>\u00a0\u00a0\u00a0\u00a0\u00a0\u00a0\u00a0\u00a0\u00a0\u00a0\u00a0\u00a0\u00a0\u00a0\u00a0\u00a0\u00a0\u00a0Kurs f\u00fcr malen mit Acrylfarben &amp; Collage geleitet von Rosa Lachermeier an der Schule f\u00fcr Gestaltung, Basel, Schweiz.<\/p>\n\n\n\n<p><strong>2003 \u2013 2011\u00a0<\/strong>\u00a0\u00a0\u00a0\u00a0\u00a0\u00a0\u00a0Weiterbildung in Hochdruckverfahren und Holzschnitt. Belegung von Workshops f\u00fcr Siebdruck, Lithographie und Holzschnitt unter der Leitung von Herrn Thomas Dettwiler, Schule f\u00fcr Gestaltung, Basel, Schweiz.\u00a0<\/p>\n\n\n\n<p><strong>1998 \u2013 2008<\/strong>\u00a0\u00a0\u00a0\u00a0\u00a0\u00a0\u00a0\u00a0Belegung von verschiedenen Kursen wie Akt- und fig\u00fcrlichem Zeichnen, Kopf Zeichnen, Still-Leben und Architekturzeichnen, an der Schule f\u00fcr Gestaltung, Basel, Schweiz.\u00a0<\/p>\n\n\n\n<p><strong>1990 \u2013 2000<\/strong>\u00a0\u00a0\u00a0\u00a0\u00a0\u00a0\u00a0\u00a0In erster Linie Aquarell-Technik mit floralen Themen und Landschaften. Weiterbildung in mehreren Kursen an der Schule f\u00fcr gestalterische Weiterbildung SWG, Atelier Susanne Hubbuch, Basel, Schweiz.<\/p>\n\n\n\n<p class=\"has-medium-font-size\"><strong><em>Ausstellungen<\/em><\/strong><\/p>\n\n\n\n<p><strong>2021\u00a0<\/strong>\u00a0\u00a0\u00a0\u00a0\u00a0\u00a0\u00a0\u00a0\u00a0\u00a0\u00a0\u00a0\u00a0\u00a0\u00a0\u00a0\u00a0\u00a0\u00a0\u2018Traces \u00ad~\u00a0Spuren,\u00a0Shirley M\u00fcller zu Gast bei artriedwyl\u2019, artriedwyl, M\u00fcnchenstein, BL. \u2018Graviertes-Holz Bilder\u2019 kombiniert mit Photographien von Pieter Riedwyl. Wiederer\u00f6ffnung mit einigen neuen Bildern.<\/p>\n\n\n\n<p><strong style=\"caret-color: rgb(0, 0, 0); white-space: normal;\">2020\u00a0<\/strong><span style=\"caret-color: rgb(0, 0, 0); color: rgb(0, 0, 0); font-family: -webkit-standard; font-size: medium; white-space: normal;\">\u00a0\u00a0\u00a0\u00a0\u00a0\u00a0\u00a0\u00a0\u00a0\u00a0\u00a0\u00a0\u00a0\u00a0\u00a0\u00a0\u00a0\u00a0\u00a0\u2018Traces \u00ad~\u00a0Spuren,\u00a0Shirley M\u00fcller zu Gast bei artriedwyl\u2019, artriedwyl, M\u00fcnchenstein, BL, Schweiz. Graviertes-Holz Bilder kombiniert mit Photographien von Pieter Riedwyl. Nur kurze Zeit offen wegen der Corona-Pandamie.<\/span><\/p>\n\n\n\n<p><strong>2012\u00a0\u00a0\u00a0<\/strong>\u00a0\u00a0\u00a0\u00a0\u00a0\u00a0\u00a0\u00a0\u00a0\u00a0\u00a0\u00a0\u00a0\u00a0\u00a0\u00a0\u00a0Solo Ausstellung \u2018Focus People \u2013 Personen \u2013 Personnes\u2019, Gallerie Piazza, Alterszentrum Bachgraben, Allschwil, BL, Schweiz. Siebdruck und Holzschnitt. Fig\u00fcrliche- und Aktthemen.<\/p>\n\n\n\n<p><strong>2007\u00a0<\/strong>\u00a0\u00a0\u00a0\u00a0\u00a0\u00a0\u00a0\u00a0\u00a0\u00a0\u00a0\u00a0\u00a0\u00a0\u00a0\u00a0\u00a0\u00a0\u00a0Teilnahme an einer Ausstellung zum Anlass des 100-Jahr Jubil\u00e4ums der Pfarrei St. Franz Xaver, M\u00fcnchenstein, BL, Schweiz. Holzschnitte der Kirche St. Franz Xaver in M\u00fcnchenstein und Lithographien.<\/p>\n\n\n\n<p><strong>2006\u00a0<\/strong>\u00a0\u00a0\u00a0\u00a0\u00a0\u00a0\u00a0\u00a0\u00a0\u00a0\u00a0\u00a0\u00a0\u00a0\u00a0\u00a0\u00a0\u00a0\u00a0Solo Ausstellung \u201eCaptured Moments \u2013 Momente Eingefangen\u201c in der B\u00fcrgersch\u00fcre, Aesch, BL, Schweiz. Aquarelle, Siebdrucke, Lithographien und Holzschnitte. Fig\u00fcrliche- und Aktthemen.<\/p>\n\n\n\n<p><strong>2000\u00a0<\/strong>\u00a0\u00a0\u00a0\u00a0\u00a0\u00a0\u00a0\u00a0\u00a0\u00a0\u00a0\u00a0\u00a0\u00a0\u00a0\u00a0\u00a0\u00a0\u00a0Ausstellung in der Besola-Galerie, Rheinfelden, Schweiz, zusammen mit zwei weiteren K\u00fcnstlerinnen. Aquarelle mit Blumenthemen und Landschaften.<\/p>\n\n\n\n<p><strong>1999<\/strong>\u00a0\u00a0\u00a0\u00a0\u00a0\u00a0\u00a0\u00a0\u00a0\u00a0\u00a0\u00a0\u00a0\u00a0\u00a0\u00a0\u00a0\u00a0\u00a0\u00a0Solo Ausstellung von Aquarellen mit Blumenthemen und Landschaften in der Galerie 47, Freizeithaus, Reinach, BL, Schweiz.<\/p>\n\n\n\n<p><strong>1997\u00a0\u00a0<\/strong>\u00a0\u00a0\u00a0\u00a0\u00a0\u00a0\u00a0\u00a0\u00a0\u00a0\u00a0\u00a0\u00a0\u00a0\u00a0\u00a0\u00a0\u00a0Teilnahme an einer Ausstellung in der Katholischen Kirche St. Franz Xaver, M\u00fcnchenstein, BL, Schweiz, mit vier Aquarellen zu Blumenthemen und Szenen aus M\u00fcnchenstein.<\/p>\n","protected":false},"excerpt":{"rendered":"<p>In England geboren \u2013 lebe ich seit \u00fcber 40 Jahren in der Schweiz. Seit meiner Schulzeit habe ich mich f\u00fcr Zeichnen und Malen interessiert und mit 15 Jahren das O-level Examen in Kunst bestanden. Ein Bild aus dieser Zeit wurde &hellip; <a href=\"https:\/\/shirleymueller.ch\/?page_id=2067\">Continue reading <span class=\"meta-nav\">&rarr;<\/span><\/a><\/p>\n","protected":false},"author":1,"featured_media":0,"parent":0,"menu_order":0,"comment_status":"closed","ping_status":"closed","template":"onecolumn-page.php","meta":{"footnotes":""},"class_list":["post-2067","page","type-page","status-publish","hentry"],"_links":{"self":[{"href":"https:\/\/shirleymueller.ch\/index.php?rest_route=\/wp\/v2\/pages\/2067","targetHints":{"allow":["GET"]}}],"collection":[{"href":"https:\/\/shirleymueller.ch\/index.php?rest_route=\/wp\/v2\/pages"}],"about":[{"href":"https:\/\/shirleymueller.ch\/index.php?rest_route=\/wp\/v2\/types\/page"}],"author":[{"embeddable":true,"href":"https:\/\/shirleymueller.ch\/index.php?rest_route=\/wp\/v2\/users\/1"}],"replies":[{"embeddable":true,"href":"https:\/\/shirleymueller.ch\/index.php?rest_route=%2Fwp%2Fv2%2Fcomments&post=2067"}],"version-history":[{"count":9,"href":"https:\/\/shirleymueller.ch\/index.php?rest_route=\/wp\/v2\/pages\/2067\/revisions"}],"predecessor-version":[{"id":2266,"href":"https:\/\/shirleymueller.ch\/index.php?rest_route=\/wp\/v2\/pages\/2067\/revisions\/2266"}],"wp:attachment":[{"href":"https:\/\/shirleymueller.ch\/index.php?rest_route=%2Fwp%2Fv2%2Fmedia&parent=2067"}],"curies":[{"name":"wp","href":"https:\/\/api.w.org\/{rel}","templated":true}]}}